{"id":54,"date":"2017-11-22T18:48:59","date_gmt":"2017-11-22T18:48:59","guid":{"rendered":"https:\/\/citycar-linnich.de\/?page_id=54"},"modified":"2023-03-16T10:39:03","modified_gmt":"2023-03-16T10:39:03","slug":"dialysefahrten","status":"publish","type":"page","link":"https:\/\/citycar-linnich.de\/?page_id=54","title":{"rendered":"Dialysefahrten"},"content":{"rendered":"<p><img decoding=\"async\" loading=\"lazy\" class=\"size-medium wp-image-88 alignright\" src=\"https:\/\/citycar-linnich.de\/wp-content\/uploads\/2017\/11\/Dialyse-300x201.jpg\" alt=\"\" width=\"300\" height=\"201\" srcset=\"https:\/\/citycar-linnich.de\/wp-content\/uploads\/2017\/11\/Dialyse-300x201.jpg 300w, https:\/\/citycar-linnich.de\/wp-content\/uploads\/2017\/11\/Dialyse-120x80.jpg 120w, https:\/\/citycar-linnich.de\/wp-content\/uploads\/2017\/11\/Dialyse-360x240.jpg 360w, https:\/\/citycar-linnich.de\/wp-content\/uploads\/2017\/11\/Dialyse.jpg 500w\" sizes=\"(max-width: 300px) 100vw, 300px\" \/><\/p>\n<p>Regionale Dialysezentren:<\/p>\n<ul>\n<li><strong>KfH Kura\u00adto\u00adrium f\u00fcr Dia\u00adlyse und Nie\u00adren\u00adtrans\u00adplan\u00adta\u00adtion e.V.<\/strong><br \/>\nDas gemeinn\u00fctzige KfH steht f\u00fcr eine qualitativ hochwertige und integrative nephrologische Versorgung nierenkranker Patientinnen und Patienten. Es wurde im Jahr 1969 gegr\u00fcndet und ist damit zugleich der \u00e4lteste und gr\u00f6\u00dfte Dialyseanbieter in Deutschland.In rund 200 KfH-Nierenzentren und 26 Medizinischen Versorgungszentren (MVZ) werden \u00fcber 18.000 Dialysepatientinnen und -patienten sowie mehr als 71.000 Sprechstundenpatientinnen und -patienten umfassend behandelt.<\/p>\n<p><a title=\"Nierenzentrum Linnich\" href=\"https:\/\/www.kfh.de\/nierenzentrum\/linnich\/startseite\/\" target=\"_blank\" rel=\"noopener\">Standort Linnich<\/a><br \/>\n<a title=\"Nierenzentrum W\u00fcrselen\" href=\"https:\/\/www.kfh.de\/nierenzentrum\/wuerselen\/startseite\/\" target=\"_blank\" rel=\"noopener\">Standort W\u00fcrselen<\/a><\/li>\n<\/ul>\n","protected":false},"excerpt":{"rendered":"<p>Regionale Dialysezentren: KfH Kura\u00adto\u00adrium f\u00fcr Dia\u00adlyse und Nie\u00adren\u00adtrans\u00adplan\u00adta\u00adtion e.V. Das gemeinn\u00fctzige KfH steht f\u00fcr eine qualitativ hochwertige und integrative nephrologische[&#8230;]<\/p>\n","protected":false},"author":1,"featured_media":0,"parent":0,"menu_order":3,"comment_status":"closed","ping_status":"closed","template":"template-centered.php","meta":{"footnotes":""},"_links":{"self":[{"href":"https:\/\/citycar-linnich.de\/index.php?rest_route=\/wp\/v2\/pages\/54"}],"collection":[{"href":"https:\/\/citycar-linnich.de\/index.php?rest_route=\/wp\/v2\/pages"}],"about":[{"href":"https:\/\/citycar-linnich.de\/index.php?rest_route=\/wp\/v2\/types\/page"}],"author":[{"embeddable":true,"href":"https:\/\/citycar-linnich.de\/index.php?rest_route=\/wp\/v2\/users\/1"}],"replies":[{"embeddable":true,"href":"https:\/\/citycar-linnich.de\/index.php?rest_route=%2Fwp%2Fv2%2Fcomments&post=54"}],"version-history":[{"count":8,"href":"https:\/\/citycar-linnich.de\/index.php?rest_route=\/wp\/v2\/pages\/54\/revisions"}],"predecessor-version":[{"id":240,"href":"https:\/\/citycar-linnich.de\/index.php?rest_route=\/wp\/v2\/pages\/54\/revisions\/240"}],"wp:attachment":[{"href":"https:\/\/citycar-linnich.de\/index.php?rest_route=%2Fwp%2Fv2%2Fmedia&parent=54"}],"curies":[{"name":"wp","href":"https:\/\/api.w.org\/{rel}","templated":true}]}}